{"id":2323,"date":"2024-10-04T23:18:28","date_gmt":"2024-10-04T21:18:28","guid":{"rendered":"https:\/\/veki-weiss.com\/?page_id=2323"},"modified":"2024-10-19T10:43:32","modified_gmt":"2024-10-19T08:43:32","slug":"blog-2","status":"publish","type":"page","link":"https:\/\/veki-weiss.com\/sk\/blog-2\/","title":{"rendered":"Blog"},"content":{"rendered":"<div class=\"wp-block-uagb-container uagb-block-a3213b5a alignfull uagb-is-root-container\"><div class=\"uagb-container-inner-blocks-wrap\">\n<div class=\"wp-block-uagb-advanced-heading uagb-block-84143912\"><h1 class=\"uagb-heading-text\">Najnov\u0161ie \u010dl\u00e1nky na blogu<\/h1><\/div>\n<\/div><\/div>\n\n\n\n<div class=\"wp-block-uagb-container uagb-block-d61e788b alignfull uagb-is-root-container\"><div class=\"uagb-container-inner-blocks-wrap\">\n\t\t\t<div class=\"wp-block-uagb-post-grid uagb-post-grid  uagb-post__image-position-top uagb-post__image-enabled uagb-block-addcefc7     uagb-post__items uagb-post__columns-3 is-grid uagb-post__columns-tablet-2 uagb-post__columns-mobile-1 uagb-post__equal-height\" data-total=\"1\" style=\"\">\n\n\t\t\t\t\t\t\t\t\t\t\t\t<article class=\"uagb-post__inner-wrap\">\t\t\t\t\t\t\t\t<div class='uagb-post__image'>\n\t\t\t\t\t\t\t\t\t<a href=\"https:\/\/veki-weiss.com\/sk\/kapitalismus-am-ende-wie-die-zukunft-unserer-arbeit-aussehen-koennte\/\" target=\"_self\" rel=\"bookmark noopener noreferrer\" class='uagb-image-ratio-inherit'><img loading=\"lazy\" decoding=\"async\" width=\"1024\" height=\"640\" src=\"https:\/\/veki-weiss.com\/wp-content\/uploads\/2025\/09\/1-1024x640.png\" class=\"attachment-large size-large\" alt=\"\" srcset=\"https:\/\/veki-weiss.com\/wp-content\/uploads\/2025\/09\/1-1024x640.png 1024w, https:\/\/veki-weiss.com\/wp-content\/uploads\/2025\/09\/1-300x188.png 300w, https:\/\/veki-weiss.com\/wp-content\/uploads\/2025\/09\/1-768x480.png 768w, https:\/\/veki-weiss.com\/wp-content\/uploads\/2025\/09\/1-1536x960.png 1536w, https:\/\/veki-weiss.com\/wp-content\/uploads\/2025\/09\/1-18x12.png 18w, https:\/\/veki-weiss.com\/wp-content\/uploads\/2025\/09\/1.png 2048w\" sizes=\"(max-width: 1024px) 100vw, 1024px\" \/>\t\t\t\t\t<\/a>\n\t\t\t\t\t\t\t<\/div>\n\t\t\t\t\t\t<h4 class=\"uagb-post__title uagb-post__text\">\n\t\t\t\t<a href=\"https:\/\/veki-weiss.com\/sk\/kapitalismus-am-ende-wie-die-zukunft-unserer-arbeit-aussehen-koennte\/\" target=\"_self\" rel=\"bookmark noopener noreferrer\">Bl\u00ed\u017ei sa koniec kapitalizmu? Ako budeme pracova\u0165 v bud\u00facnosti?<\/a>\n\t\t\t<\/h4>\n\t\t\t\t\t\t<div class='uagb-post__text uagb-post-grid-byline'>\n\t\t\t\t\t\t\t\t<time datetime=\"2025-09-20T07:37:23+02:00\" class=\"uagb-post__date\">\n\t\t\t\t<span class=\"dashicons-calendar dashicons\"><\/span>\t\t\t\t\t20. septembra 2025\t\t\t\t<\/time>\n\t\t\t\t\t\t<\/div>\n\t\t\t\t\t\t\t<div class='uagb-post__text uagb-post__excerpt'>\n\t\t\t\t\t<p>Ein kurzer Blick zur\u00fcck: Von Feudalismus bis Kapitalismus Gesellschaften haben sich schon oft gewandelt. Im Feudalismus war klar: Wer Land hatte, hatte Macht. Im Imperialismus&#8230;\t\t\t\t<\/div>\n\t\t\t\t\t\t<div class=\"uagb-post__text uagb-post__cta wp-block-button\">\n\t\t\t\t<a class=\"wp-block-button__link uagb-text-link\" style=\"\" href=\"https:\/\/veki-weiss.com\/sk\/kapitalismus-am-ende-wie-die-zukunft-unserer-arbeit-aussehen-koennte\/\" target=\"_self\" rel=\"bookmark noopener noreferrer\">\u010c\u00edta\u0165 \u010falej<\/a>\n\t\t\t<\/div>\n\t\t\t\n\t\t\t\t\t\t\t\t\t<\/article>\n\t\t\t\t\t\t\t\t\t\t\t\t\t\t\t\t<article class=\"uagb-post__inner-wrap\">\t\t\t\t\t\t\t\t<div class='uagb-post__image'>\n\t\t\t\t\t\t\t\t\t<a href=\"https:\/\/veki-weiss.com\/sk\/ist-das-leben-eine-zimtschnecke\/\" target=\"_self\" rel=\"bookmark noopener noreferrer\" class='uagb-image-ratio-inherit'><img loading=\"lazy\" decoding=\"async\" width=\"1024\" height=\"640\" src=\"https:\/\/veki-weiss.com\/wp-content\/uploads\/2024\/09\/zimtschnecke-2048x1280-v2-1024x640.png\" class=\"attachment-large size-large\" alt=\"\" srcset=\"https:\/\/veki-weiss.com\/wp-content\/uploads\/2024\/09\/zimtschnecke-2048x1280-v2-1024x640.png 1024w, https:\/\/veki-weiss.com\/wp-content\/uploads\/2024\/09\/zimtschnecke-2048x1280-v2-300x188.png 300w, https:\/\/veki-weiss.com\/wp-content\/uploads\/2024\/09\/zimtschnecke-2048x1280-v2-768x480.png 768w, https:\/\/veki-weiss.com\/wp-content\/uploads\/2024\/09\/zimtschnecke-2048x1280-v2-1536x960.png 1536w, https:\/\/veki-weiss.com\/wp-content\/uploads\/2024\/09\/zimtschnecke-2048x1280-v2-18x12.png 18w, https:\/\/veki-weiss.com\/wp-content\/uploads\/2024\/09\/zimtschnecke-2048x1280-v2.png 2048w\" sizes=\"(max-width: 1024px) 100vw, 1024px\" \/>\t\t\t\t\t<\/a>\n\t\t\t\t\t\t\t<\/div>\n\t\t\t\t\t\t<h4 class=\"uagb-post__title uagb-post__text\">\n\t\t\t\t<a href=\"https:\/\/veki-weiss.com\/sk\/ist-das-leben-eine-zimtschnecke\/\" target=\"_self\" rel=\"bookmark noopener noreferrer\">Je \u017eivot \u0161koricov\u00e1 rolka? P\u00f4\u017eitok, odriekanie a rovnov\u00e1ha<\/a>\n\t\t\t<\/h4>\n\t\t\t\t\t\t<div class='uagb-post__text uagb-post-grid-byline'>\n\t\t\t\t\t\t\t\t<time datetime=\"2024-09-29T18:21:16+02:00\" class=\"uagb-post__date\">\n\t\t\t\t<span class=\"dashicons-calendar dashicons\"><\/span>\t\t\t\t\t29. septembra 2024\t\t\t\t<\/time>\n\t\t\t\t\t\t<\/div>\n\t\t\t\t\t\t\t<div class='uagb-post__text uagb-post__excerpt'>\n\t\t\t\t\tMo\u017eno je \u017eivot naozaj ako \u0161koricov\u00e1 rolka \u2013 zvonku l\u00e1kav\u00e1, niekedy trochu lepkav\u00e1 a t\u00e1 najslad\u0161ia \u010das\u0165 \u010dak\u00e1 uprostred. Ide o...\t\t\t\t<\/div>\n\t\t\t\t\t\t<div class=\"uagb-post__text uagb-post__cta wp-block-button\">\n\t\t\t\t<a class=\"wp-block-button__link uagb-text-link\" style=\"\" href=\"https:\/\/veki-weiss.com\/sk\/ist-das-leben-eine-zimtschnecke\/\" target=\"_self\" rel=\"bookmark noopener noreferrer\">\u010c\u00edta\u0165 \u010falej<\/a>\n\t\t\t<\/div>\n\t\t\t\n\t\t\t\t\t\t\t\t\t<\/article>\n\t\t\t\t\t\t\t\t\t\t\t\t\t\t\t\t<article class=\"uagb-post__inner-wrap\">\t\t\t\t\t\t\t\t<div class='uagb-post__image'>\n\t\t\t\t\t\t\t\t\t<a href=\"https:\/\/veki-weiss.com\/sk\/du-bist-wertvoll-tipps-fuer-mehr-selbstachtung-und-liebe\/\" target=\"_self\" rel=\"bookmark noopener noreferrer\" class='uagb-image-ratio-inherit'><img loading=\"lazy\" decoding=\"async\" width=\"1024\" height=\"640\" src=\"https:\/\/veki-weiss.com\/wp-content\/uploads\/2024\/05\/5-1024x640.png\" class=\"attachment-large size-large\" alt=\"\" srcset=\"https:\/\/veki-weiss.com\/wp-content\/uploads\/2024\/05\/5-1024x640.png 1024w, https:\/\/veki-weiss.com\/wp-content\/uploads\/2024\/05\/5-18x12.png 18w, https:\/\/veki-weiss.com\/wp-content\/uploads\/2024\/05\/5-300x188.png 300w, https:\/\/veki-weiss.com\/wp-content\/uploads\/2024\/05\/5-768x480.png 768w, https:\/\/veki-weiss.com\/wp-content\/uploads\/2024\/05\/5-1536x960.png 1536w, https:\/\/veki-weiss.com\/wp-content\/uploads\/2024\/05\/5-600x375.png 600w, https:\/\/veki-weiss.com\/wp-content\/uploads\/2024\/05\/5.png 2000w\" sizes=\"(max-width: 1024px) 100vw, 1024px\" \/>\t\t\t\t\t<\/a>\n\t\t\t\t\t\t\t<\/div>\n\t\t\t\t\t\t<h4 class=\"uagb-post__title uagb-post__text\">\n\t\t\t\t<a href=\"https:\/\/veki-weiss.com\/sk\/du-bist-wertvoll-tipps-fuer-mehr-selbstachtung-und-liebe\/\" target=\"_self\" rel=\"bookmark noopener noreferrer\">Bu\u010f si vedom\u00e1 svojej hodnoty: Tipy pre viac seba\u00facty a vn\u00fatorn\u00fa silu<\/a>\n\t\t\t<\/h4>\n\t\t\t\t\t\t<div class='uagb-post__text uagb-post-grid-byline'>\n\t\t\t\t\t\t\t\t<time datetime=\"2024-05-28T00:17:40+02:00\" class=\"uagb-post__date\">\n\t\t\t\t<span class=\"dashicons-calendar dashicons\"><\/span>\t\t\t\t\t28. m\u00e1ja 2024\t\t\t\t<\/time>\n\t\t\t\t\t\t<\/div>\n\t\t\t\t\t\t\t<div class='uagb-post__text uagb-post__excerpt'>\n\t\t\t\t\t<p>Vo svete, ktor\u00fd sa \u010dasto vyzna\u010duje porovn\u00e1van\u00edm a tlakom na v\u00fdkon, m\u00f4\u017ee by\u0165 skuto\u010dne \u0165a\u017ek\u00e9 c\u00edti\u0165 sa cenn\u00fd. \u017deny sa historicky tr\u00e1pili\u2026\t\t\t\t<\/div>\n\t\t\t\t\t\t<div class=\"uagb-post__text uagb-post__cta wp-block-button\">\n\t\t\t\t<a class=\"wp-block-button__link uagb-text-link\" style=\"\" href=\"https:\/\/veki-weiss.com\/sk\/du-bist-wertvoll-tipps-fuer-mehr-selbstachtung-und-liebe\/\" target=\"_self\" rel=\"bookmark noopener noreferrer\">\u010c\u00edta\u0165 \u010falej<\/a>\n\t\t\t<\/div>\n\t\t\t\n\t\t\t\t\t\t\t\t\t<\/article>\n\t\t\t\t\t\t\t\t\t\t\t\t\t\t\t\t<article class=\"uagb-post__inner-wrap\">\t\t\t\t\t\t\t\t<div class='uagb-post__image'>\n\t\t\t\t\t\t\t\t\t<a href=\"https:\/\/veki-weiss.com\/sk\/hallo-welt\/\" target=\"_self\" rel=\"bookmark noopener noreferrer\" class='uagb-image-ratio-inherit'><img loading=\"lazy\" decoding=\"async\" width=\"1024\" height=\"666\" src=\"https:\/\/veki-weiss.com\/wp-content\/uploads\/2024\/03\/Blog-Bilder-2-1024x666.png\" class=\"attachment-large size-large\" alt=\"\" srcset=\"https:\/\/veki-weiss.com\/wp-content\/uploads\/2024\/03\/Blog-Bilder-2-1024x666.png 1024w, https:\/\/veki-weiss.com\/wp-content\/uploads\/2024\/03\/Blog-Bilder-2-18x12.png 18w, https:\/\/veki-weiss.com\/wp-content\/uploads\/2024\/03\/Blog-Bilder-2-300x195.png 300w, https:\/\/veki-weiss.com\/wp-content\/uploads\/2024\/03\/Blog-Bilder-2-768x499.png 768w, https:\/\/veki-weiss.com\/wp-content\/uploads\/2024\/03\/Blog-Bilder-2-1536x998.png 1536w, https:\/\/veki-weiss.com\/wp-content\/uploads\/2024\/03\/Blog-Bilder-2.png 2000w\" sizes=\"(max-width: 1024px) 100vw, 1024px\" \/>\t\t\t\t\t<\/a>\n\t\t\t\t\t\t\t<\/div>\n\t\t\t\t\t\t<h4 class=\"uagb-post__title uagb-post__text\">\n\t\t\t\t<a href=\"https:\/\/veki-weiss.com\/sk\/hallo-welt\/\" target=\"_self\" rel=\"bookmark noopener noreferrer\">Veg\u00e1nsky \u017eivotn\u00fd \u0161t\u00fdl v s\u00falade so sebou \u2013 tipy na stravovanie a vn\u00fatorn\u00fa pohodu<\/a>\n\t\t\t<\/h4>\n\t\t\t\t\t\t<div class='uagb-post__text uagb-post-grid-byline'>\n\t\t\t\t\t\t\t\t<time datetime=\"2024-03-21T16:18:59+01:00\" class=\"uagb-post__date\">\n\t\t\t\t<span class=\"dashicons-calendar dashicons\"><\/span>\t\t\t\t\t21. marca 2024\t\t\t\t<\/time>\n\t\t\t\t\t\t<\/div>\n\t\t\t\t\t\t\t<div class='uagb-post__text uagb-post__excerpt'>\n\t\t\t\t\t<p>Vitajte na mojom blogu \u2013 kde sa veg\u00e1nstvo a \u017eivotn\u00fd \u0161t\u00fdl stret\u00e1vaj\u00fa s v\u0161\u00edmavos\u0165ou! Ahoj, drah\u00fd svet (a ahoj v\u0161etk\u00fdm, ktor\u00ed pr\u00e1ve sedia so \u0161\u00e1lkou \u010daju\u2026)\t\t\t\t<\/div>\n\t\t\t\t\t\t<div class=\"uagb-post__text uagb-post__cta wp-block-button\">\n\t\t\t\t<a class=\"wp-block-button__link uagb-text-link\" style=\"\" href=\"https:\/\/veki-weiss.com\/sk\/hallo-welt\/\" target=\"_self\" rel=\"bookmark noopener noreferrer\">\u010c\u00edta\u0165 \u010falej<\/a>\n\t\t\t<\/div>\n\t\t\t\n\t\t\t\t\t\t\t\t\t<\/article>\n\t\t\t\t\t\t\t\t\t\t\t<\/div>\n\t\t\t<\/div><\/div>","protected":false},"excerpt":{"rendered":"<p>Najnov\u0161ie \u010dl\u00e1nky na blogu<\/p>","protected":false},"author":1,"featured_media":0,"parent":0,"menu_order":0,"comment_status":"closed","ping_status":"closed","template":"","meta":{"_uag_custom_page_level_css":"","wprm-recipe-roundup-name":"","wprm-recipe-roundup-description":"","_monsterinsights_skip_tracking":false,"_monsterinsights_sitenote_active":false,"_monsterinsights_sitenote_note":"","_monsterinsights_sitenote_category":0,"site-sidebar-layout":"default","site-content-layout":"","ast-site-content-layout":"default","site-content-style":"default","site-sidebar-style":"default","ast-global-header-display":"","ast-banner-title-visibility":"","ast-main-header-display":"","ast-hfb-above-header-display":"","ast-hfb-below-header-display":"","ast-hfb-mobile-header-display":"","site-post-title":"disabled","ast-breadcrumbs-content":"","ast-featured-img":"","footer-sml-layout":"","theme-transparent-header-meta":"","adv-header-id-meta":"","stick-header-meta":"","header-above-stick-meta":"","header-main-stick-meta":"","header-below-stick-meta":"","astra-migrate-meta-layouts":"set","ast-page-background-enabled":"default","ast-page-background-meta":{"desktop":{"background-color":"","background-image":"","background-repeat":"repeat","background-position":"center center","background-size":"auto","background-attachment":"scroll","background-type":"","background-media":"","overlay-type":"","overlay-color":"","overlay-opacity":"","overlay-gradient":""},"tablet":{"background-color":"","background-image":"","background-repeat":"repeat","background-position":"center center","background-size":"auto","background-attachment":"scroll","background-type":"","background-media":"","overlay-type":"","overlay-color":"","overlay-opacity":"","overlay-gradient":""},"mobile":{"background-color":"","background-image":"","background-repeat":"repeat","background-position":"center center","background-size":"auto","background-attachment":"scroll","background-type":"","background-media":"","overlay-type":"","overlay-color":"","overlay-opacity":"","overlay-gradient":""}},"ast-content-background-meta":{"desktop":{"background-color":"var(--ast-global-color-5)","background-image":"","background-repeat":"repeat","background-position":"center center","background-size":"auto","background-attachment":"scroll","background-type":"","background-media":"","overlay-type":"","overlay-color":"","overlay-opacity":"","overlay-gradient":""},"tablet":{"background-color":"var(--ast-global-color-5)","background-image":"","background-repeat":"repeat","background-position":"center center","background-size":"auto","background-attachment":"scroll","background-type":"","background-media":"","overlay-type":"","overlay-color":"","overlay-opacity":"","overlay-gradient":""},"mobile":{"background-color":"var(--ast-global-color-5)","background-image":"","background-repeat":"repeat","background-position":"center center","background-size":"auto","background-attachment":"scroll","background-type":"","background-media":"","overlay-type":"","overlay-color":"","overlay-opacity":"","overlay-gradient":""}},"footnotes":""},"class_list":["post-2323","page","type-page","status-publish","hentry"],"aioseo_notices":[],"uagb_featured_image_src":{"full":false,"thumbnail":false,"medium":false,"medium_large":false,"large":false,"1536x1536":false,"2048x2048":false,"trp-custom-language-flag":false,"wprm-metadata-1_1":false,"wprm-metadata-4_3":false,"wprm-metadata-16_9":false},"uagb_author_info":{"display_name":"veki-weiss.com","author_link":"https:\/\/veki-weiss.com\/sk\/author\/veki-weiss-com\/"},"uagb_comment_info":0,"uagb_excerpt":"Die neuesten Blogartikel","_links":{"self":[{"href":"https:\/\/veki-weiss.com\/sk\/wp-json\/wp\/v2\/pages\/2323"}],"collection":[{"href":"https:\/\/veki-weiss.com\/sk\/wp-json\/wp\/v2\/pages"}],"about":[{"href":"https:\/\/veki-weiss.com\/sk\/wp-json\/wp\/v2\/types\/page"}],"author":[{"embeddable":true,"href":"https:\/\/veki-weiss.com\/sk\/wp-json\/wp\/v2\/users\/1"}],"replies":[{"embeddable":true,"href":"https:\/\/veki-weiss.com\/sk\/wp-json\/wp\/v2\/comments?post=2323"}],"version-history":[{"count":4,"href":"https:\/\/veki-weiss.com\/sk\/wp-json\/wp\/v2\/pages\/2323\/revisions"}],"predecessor-version":[{"id":2645,"href":"https:\/\/veki-weiss.com\/sk\/wp-json\/wp\/v2\/pages\/2323\/revisions\/2645"}],"wp:attachment":[{"href":"https:\/\/veki-weiss.com\/sk\/wp-json\/wp\/v2\/media?parent=2323"}],"curies":[{"name":"wp","href":"https:\/\/api.w.org\/{rel}","templated":true}]}}