{"id":2330,"date":"2024-10-05T00:18:53","date_gmt":"2024-10-04T22:18:53","guid":{"rendered":"https:\/\/veki-weiss.com\/?page_id=2330"},"modified":"2025-06-19T23:22:04","modified_gmt":"2025-06-19T21:22:04","slug":"veinkoestlich","status":"publish","type":"page","link":"https:\/\/veki-weiss.com\/sk\/veinkoestlich\/","title":{"rendered":"Chutn\u00e9"},"content":{"rendered":"<div class=\"wp-block-uagb-container uagb-block-e5cd6116 alignfull uagb-is-root-container\"><div class=\"uagb-container-inner-blocks-wrap\">\n<div class=\"wp-block-uagb-advanced-heading uagb-block-305feafc\"><h1 class=\"uagb-heading-text\">Veg\u00e1nstvo s chu\u0165ou a citom<\/h1><\/div>\n<\/div><\/div>\n\n\n\n<div class=\"wp-block-uagb-container uagb-block-9f48d784 alignfull uagb-is-root-container\"><div class=\"uagb-container-inner-blocks-wrap\">\n<div class=\"wp-block-uagb-container uagb-block-926f4a18\">\n<div class=\"wp-block-uagb-advanced-heading uagb-block-9b8e2eea\"><h2 class=\"uagb-heading-text\">Ob\u010derstvenie pre zdrav\u00fdch nad\u0161encov<\/h2><p class=\"uagb-desc-text\"><strong>Zdrav\u00e9 ma\u0161krtenie je jednoduch\u00e9!<\/strong>&nbsp;Objavte lahodn\u00e9 v\u00fdtvory bez rafinovan\u00e9ho cukru \u2013 pln\u00e9 \u017eiv\u00edn, superpotrav\u00edn a mno\u017estva chuti.<\/p><\/div>\n\n\n\n<div class=\"wp-block-uagb-container uagb-block-24e29a46\">\n<div class=\"wp-block-uagb-info-box uagb-block-369d614a uagb-infobox__content-wrap  uagb-infobox-icon-above-title uagb-infobox-image-valign-top\"><div class=\"uagb-ifb-content\"><div class=\"uagb-ifb-image-content\"><img decoding=\"async\" src=\"https:\/\/veki-weiss.com\/wp-content\/uploads\/2025\/06\/9.png\" alt=\"\" width=\"828\" height=\"729\" loading=\"lazy\"\/><\/div><div class=\"uagb-ifb-title-wrap\"><h3 class=\"uagb-ifb-title\">Avok\u00e1dov\u00fd \u010dokol\u00e1dov\u00fd kr\u00e9m s pra\u017een\u00fdmi mand\u013eami  <\/h3><\/div><p class=\"uagb-ifb-desc\">\u010cokol\u00e1dov\u00fd p\u00f4\u017eitok bez v\u00fd\u010ditiek: Tento zamatov\u00fd kr\u00e9m je vyroben\u00fd z avok\u00e1da, kakaa a jablkov\u00e9ho sirupu \u2013 zjemnen\u00fd pra\u017een\u00fdmi mand\u013eami a moru\u0161ami. Zdrav\u00e9 ma\u0161krtenie e\u0161te nikdy nebolo tak\u00e9 lahodn\u00e9!<\/p><div class=\"uagb-ifb-button-wrapper wp-block-button\"><a href=\"#\" class=\"uagb-infobox-cta-link wp-block-button__link\" target=\"_self\" rel=\"noopener noreferrer\" onclick=\"return false;\"><span class=\"uagb-inline-editing\">\u010c\u00edta\u0165 \u010falej<\/span><\/a><\/div><\/div><\/div>\n\n\n\n<div class=\"wp-block-uagb-info-box uagb-block-17d3f2dd uagb-infobox__content-wrap  uagb-infobox-icon-above-title uagb-infobox-image-valign-top\"><div class=\"uagb-ifb-content\"><div class=\"uagb-ifb-image-content\"><img decoding=\"async\" src=\"https:\/\/veki-weiss.com\/wp-content\/uploads\/2025\/06\/IMG_54D6C46B3E01-1.jpeg\" alt=\"\" width=\"828\" height=\"729\" loading=\"lazy\"\/><\/div><div class=\"uagb-ifb-title-wrap\"><h3 class=\"uagb-ifb-title\">Lahodn\u00fd kr\u00e9m s malinami, kokosov\u00fdm mliekom a superpotravinou<\/h3><\/div><p class=\"uagb-ifb-desc\">Osvie\u017euj\u00faci, ovocn\u00fd, kr\u00e9mov\u00fd \u2013 tento lahodn\u00fd kr\u00e9m je letn\u00fd v miske. \u00daplne bez cukru, ale s lesnou silou a chrumkavou superpotravinou vyrobenou z moru\u0161\u00ed a poh\u00e1nky\u2026<\/p><div class=\"uagb-ifb-button-wrapper wp-block-button\"><a href=\"#\" class=\"uagb-infobox-cta-link wp-block-button__link\" target=\"_self\" rel=\"noopener noreferrer\" onclick=\"return false;\"><span class=\"uagb-inline-editing\">\u010c\u00edta\u0165 \u010falej<\/span><\/a><\/div><\/div><\/div>\n<\/div>\n<\/div>\n\n\n\n<div class=\"wp-block-uagb-container uagb-block-deafbcff\">\n<div class=\"wp-block-uagb-info-box uagb-block-84c9eb07 uagb-infobox__content-wrap  uagb-infobox-icon-above-title uagb-infobox-image-valign-top\"><div class=\"uagb-ifb-content\"><div class=\"uagb-ifb-title-wrap\"><h2 class=\"uagb-ifb-title\">Poh\u00e1nkov\u00e9 palacinky<\/h2><\/div><p class=\"uagb-ifb-desc\">Lahodn\u00e9 lievance z poh\u00e1nky \u2013 bez lepku, veg\u00e1nske a v\u0161estrann\u00e9!\nVychutnaj si ich naslano s avok\u00e1dom alebo nasladko s \u010derstv\u00fdm ovoc\u00edm.\nIde\u00e1lne aj do mrazni\u010dky a na pr\u00edpravu do z\u00e1soby!<\/p><div class=\"uagb-ifb-button-wrapper wp-block-button\"><a href=\"https:\/\/veki-weiss.com\/buchweizen-pancakes\/\" class=\"uagb-infobox-cta-link wp-block-button__link\" target=\"_self\" rel=\"noopener noreferrer\" onclick=\"return true;\"><span class=\"uagb-inline-editing\">\u010c\u00edta\u0165 \u010falej<\/span><\/a><\/div><\/div><\/div>\n<\/div>\n<\/div><\/div>\n\n\n\n<div class=\"wp-block-uagb-container uagb-block-623fe5a0 alignfull uagb-is-root-container\"><div class=\"uagb-container-inner-blocks-wrap\">\n\t\t\t<div class=\"wp-block-uagb-post-grid uagb-post-grid  uagb-post__image-position-top uagb-post__image-enabled uagb-block-a6d051c7     uagb-post__items uagb-post__columns-3 is-grid uagb-post__columns-tablet-2 uagb-post__columns-mobile-1 uagb-post__equal-height\" data-total=\"1\" style=\"\">\n\n\t\t\t\t\t\t\t\t\t\t\t\t<article class=\"uagb-post__inner-wrap\">\t\t\t\t\t\t\t\t<div class='uagb-post__image'>\n\t\t\t\t\t\t\t\t\t<a href=\"https:\/\/veki-weiss.com\/sk\/avocado-schoko-creme-mit-banane-geroesteten-mandeln\/\" target=\"_self\" rel=\"bookmark noopener noreferrer\" class='uagb-image-ratio-inherit'><img loading=\"lazy\" decoding=\"async\" width=\"1024\" height=\"640\" src=\"https:\/\/veki-weiss.com\/wp-content\/uploads\/2025\/09\/4-1024x640.png\" class=\"attachment-large size-large\" alt=\"\" srcset=\"https:\/\/veki-weiss.com\/wp-content\/uploads\/2025\/09\/4-1024x640.png 1024w, https:\/\/veki-weiss.com\/wp-content\/uploads\/2025\/09\/4-300x188.png 300w, https:\/\/veki-weiss.com\/wp-content\/uploads\/2025\/09\/4-768x480.png 768w, https:\/\/veki-weiss.com\/wp-content\/uploads\/2025\/09\/4-1536x960.png 1536w, https:\/\/veki-weiss.com\/wp-content\/uploads\/2025\/09\/4-18x12.png 18w, https:\/\/veki-weiss.com\/wp-content\/uploads\/2025\/09\/4.png 2048w\" sizes=\"(max-width: 1024px) 100vw, 1024px\" \/>\t\t\t\t\t<\/a>\n\t\t\t\t\t\t\t<\/div>\n\t\t\t\t\t\t<h4 class=\"uagb-post__title uagb-post__text\">\n\t\t\t\t<a href=\"https:\/\/veki-weiss.com\/sk\/avocado-schoko-creme-mit-banane-geroesteten-mandeln\/\" target=\"_self\" rel=\"bookmark noopener noreferrer\">Avok\u00e1dov\u00fd \u010dokol\u00e1dov\u00fd kr\u00e9m s ban\u00e1nom a pra\u017een\u00fdmi mand\u013eami<\/a>\n\t\t\t<\/h4>\n\t\t\t\t\t\t<div class='uagb-post__text uagb-post-grid-byline'>\n\t\t\t\t\t\t\t\t<time datetime=\"2025-06-19T23:08:43+02:00\" class=\"uagb-post__date\">\n\t\t\t\t<span class=\"dashicons-calendar dashicons\"><\/span>\t\t\t\t\t19. j\u00fana 2025\t\t\t\t<\/time>\n\t\t\t\t\t\t\t<span class=\"uagb-post__comment\">\n\t\t\t\t<span class=\"dashicons-admin-comments dashicons\"><\/span>\t\t\t\t\tNekomentovan\u00e9\t\t\t\t<\/span>\n\t\t\t\t\t\t<\/div>\n\t\t\t\t\t\t\t<div class='uagb-post__text uagb-post__excerpt'>\n\t\t\t\t\t<p>Ingrediencie: 1 zrel\u00e9 avok\u00e1do, 1 zrel\u00fd ban\u00e1n, 2 polievkov\u00e9 ly\u017eice nesladen\u00e9ho kakaov\u00e9ho pr\u00e1\u0161ku, 2\u20133 \u010dajov\u00e9 ly\u017ei\u010dky jablkov\u00e9ho alebo ag\u00e1vov\u00e9ho sirupu (pod\u013ea chuti), 1\u2026\t\t\t\t<\/div>\n\t\t\t\t\t\t<div class=\"uagb-post__text uagb-post__cta wp-block-button\">\n\t\t\t\t<a class=\"wp-block-button__link uagb-text-link\" style=\"\" href=\"https:\/\/veki-weiss.com\/sk\/avocado-schoko-creme-mit-banane-geroesteten-mandeln\/\" target=\"_self\" rel=\"bookmark noopener noreferrer\">\u010c\u00edta\u0165 \u010falej<\/a>\n\t\t\t<\/div>\n\t\t\t\n\t\t\t\t\t\t\t\t\t<\/article>\n\t\t\t\t\t\t\t\t\t\t\t\t\t\t\t\t<article class=\"uagb-post__inner-wrap\">\t\t\t\t\t\t\t\t<div class='uagb-post__image'>\n\t\t\t\t\t\t\t\t\t<a href=\"https:\/\/veki-weiss.com\/sk\/intuitives-kochen-mit-dem-was-da-ist\/\" target=\"_self\" rel=\"bookmark noopener noreferrer\" class='uagb-image-ratio-inherit'><img loading=\"lazy\" decoding=\"async\" width=\"1024\" height=\"683\" src=\"https:\/\/veki-weiss.com\/wp-content\/uploads\/2025\/04\/Design-ohne-Titel-2-1024x683.png\" class=\"attachment-large size-large\" alt=\"Frisches Wurzelgem\u00fcse mit Kartoffeln, Gurken und Rote-Bete-Bl\u00e4ttern auf wei\u00dfem Untergrund \u2013 intuitives Kochen mit saisonalen Zutaten.\" srcset=\"https:\/\/veki-weiss.com\/wp-content\/uploads\/2025\/04\/Design-ohne-Titel-2-1024x683.png 1024w, https:\/\/veki-weiss.com\/wp-content\/uploads\/2025\/04\/Design-ohne-Titel-2-18x12.png 18w, https:\/\/veki-weiss.com\/wp-content\/uploads\/2025\/04\/Design-ohne-Titel-2-300x200.png 300w, https:\/\/veki-weiss.com\/wp-content\/uploads\/2025\/04\/Design-ohne-Titel-2-768x512.png 768w, https:\/\/veki-weiss.com\/wp-content\/uploads\/2025\/04\/Design-ohne-Titel-2.png 1200w\" sizes=\"(max-width: 1024px) 100vw, 1024px\" \/>\t\t\t\t\t<\/a>\n\t\t\t\t\t\t\t<\/div>\n\t\t\t\t\t\t<h4 class=\"uagb-post__title uagb-post__text\">\n\t\t\t\t<a href=\"https:\/\/veki-weiss.com\/sk\/intuitives-kochen-mit-dem-was-da-ist\/\" target=\"_self\" rel=\"bookmark noopener noreferrer\">Intuit\u00edvne varenie \u2013 z toho, \u010do m\u00e1\u0161 pr\u00e1ve poruke<\/a>\n\t\t\t<\/h4>\n\t\t\t\t\t\t<div class='uagb-post__text uagb-post-grid-byline'>\n\t\t\t\t\t\t\t\t<time datetime=\"2025-04-27T11:13:12+02:00\" class=\"uagb-post__date\">\n\t\t\t\t<span class=\"dashicons-calendar dashicons\"><\/span>\t\t\t\t\t27. apr\u00edla 2025\t\t\t\t<\/time>\n\t\t\t\t\t\t\t<span class=\"uagb-post__comment\">\n\t\t\t\t<span class=\"dashicons-admin-comments dashicons\"><\/span>\t\t\t\t\tNekomentovan\u00e9\t\t\t\t<\/span>\n\t\t\t\t\t\t<\/div>\n\t\t\t\t\t\t\t<div class='uagb-post__text uagb-post__excerpt'>\n\t\t\t\t\t<p>Pozn\u00e1te ten pocit? Otvor\u00edte chladni\u010dku, n\u00e1jdete nejak\u00e9 zvy\u0161ky jedla a zrazu...\t\t\t\t<\/div>\n\t\t\t\t\t\t<div class=\"uagb-post__text uagb-post__cta wp-block-button\">\n\t\t\t\t<a class=\"wp-block-button__link uagb-text-link\" style=\"\" href=\"https:\/\/veki-weiss.com\/sk\/intuitives-kochen-mit-dem-was-da-ist\/\" target=\"_self\" rel=\"bookmark noopener noreferrer\">\u010c\u00edta\u0165 \u010falej<\/a>\n\t\t\t<\/div>\n\t\t\t\n\t\t\t\t\t\t\t\t\t<\/article>\n\t\t\t\t\t\t\t\t\t\t\t\t\t\t\t\t<article class=\"uagb-post__inner-wrap\">\t\t\t\t\t\t\t\t<div class='uagb-post__image'>\n\t\t\t\t\t\t\t\t\t<a href=\"https:\/\/veki-weiss.com\/sk\/buchweizen-pancakes\/\" target=\"_self\" rel=\"bookmark noopener noreferrer\" class='uagb-image-ratio-inherit'><img loading=\"lazy\" decoding=\"async\" width=\"1024\" height=\"683\" src=\"https:\/\/veki-weiss.com\/wp-content\/uploads\/2024\/10\/Blog-Bilder-184-x-115-mm-1024x683.png\" class=\"attachment-large size-large\" alt=\"\" srcset=\"https:\/\/veki-weiss.com\/wp-content\/uploads\/2024\/10\/Blog-Bilder-184-x-115-mm-1024x683.png 1024w, https:\/\/veki-weiss.com\/wp-content\/uploads\/2024\/10\/Blog-Bilder-184-x-115-mm-18x12.png 18w, https:\/\/veki-weiss.com\/wp-content\/uploads\/2024\/10\/Blog-Bilder-184-x-115-mm-300x200.png 300w, https:\/\/veki-weiss.com\/wp-content\/uploads\/2024\/10\/Blog-Bilder-184-x-115-mm-768x512.png 768w, https:\/\/veki-weiss.com\/wp-content\/uploads\/2024\/10\/Blog-Bilder-184-x-115-mm.png 1200w\" sizes=\"(max-width: 1024px) 100vw, 1024px\" \/>\t\t\t\t\t<\/a>\n\t\t\t\t\t\t\t<\/div>\n\t\t\t\t\t\t<h4 class=\"uagb-post__title uagb-post__text\">\n\t\t\t\t<a href=\"https:\/\/veki-weiss.com\/sk\/buchweizen-pancakes\/\" target=\"_self\" rel=\"bookmark noopener noreferrer\">Poh\u00e1nkov\u00e9 palacinky<\/a>\n\t\t\t<\/h4>\n\t\t\t\t\t\t<div class='uagb-post__text uagb-post-grid-byline'>\n\t\t\t\t\t\t\t\t<time datetime=\"2024-10-30T19:29:31+01:00\" class=\"uagb-post__date\">\n\t\t\t\t<span class=\"dashicons-calendar dashicons\"><\/span>\t\t\t\t\t30. okt\u00f3bra 2024\t\t\t\t<\/time>\n\t\t\t\t\t\t\t<span class=\"uagb-post__comment\">\n\t\t\t\t<span class=\"dashicons-admin-comments dashicons\"><\/span>\t\t\t\t\tNekomentovan\u00e9\t\t\t\t<\/span>\n\t\t\t\t\t\t<\/div>\n\t\t\t\t\t\t\t<div class='uagb-post__text uagb-post__excerpt'>\n\t\t\t\t\t<p>Vytvor\u00ed pribli\u017ene 3-4 porcie Ingrediencie: 300 g poh\u00e1nkovej m\u00faky 2 \u010cL pr\u00e1\u0161ku do pe\u010diva 1 \u0161tipka soli 1\u2026\t\t\t\t<\/div>\n\t\t\t\t\t\t<div class=\"uagb-post__text uagb-post__cta wp-block-button\">\n\t\t\t\t<a class=\"wp-block-button__link uagb-text-link\" style=\"\" href=\"https:\/\/veki-weiss.com\/sk\/buchweizen-pancakes\/\" target=\"_self\" rel=\"bookmark noopener noreferrer\">\u010c\u00edta\u0165 \u010falej<\/a>\n\t\t\t<\/div>\n\t\t\t\n\t\t\t\t\t\t\t\t\t<\/article>\n\t\t\t\t\t\t\t\t\t\t\t\t\t\t\t\t<article class=\"uagb-post__inner-wrap\">\t\t\t\t\t\t\t\t<div class='uagb-post__image'>\n\t\t\t\t\t\t\t\t\t<a href=\"https:\/\/veki-weiss.com\/sk\/einfache-kuerbiscremesuppe\/\" target=\"_self\" rel=\"bookmark noopener noreferrer\" class='uagb-image-ratio-inherit'><img loading=\"lazy\" decoding=\"async\" width=\"1024\" height=\"683\" src=\"https:\/\/veki-weiss.com\/wp-content\/uploads\/2024\/10\/43-1024x683.png\" class=\"attachment-large size-large\" alt=\"\" srcset=\"https:\/\/veki-weiss.com\/wp-content\/uploads\/2024\/10\/43-1024x683.png 1024w, https:\/\/veki-weiss.com\/wp-content\/uploads\/2024\/10\/43-18x12.png 18w, https:\/\/veki-weiss.com\/wp-content\/uploads\/2024\/10\/43-300x200.png 300w, https:\/\/veki-weiss.com\/wp-content\/uploads\/2024\/10\/43-768x512.png 768w, https:\/\/veki-weiss.com\/wp-content\/uploads\/2024\/10\/43.png 1200w\" sizes=\"(max-width: 1024px) 100vw, 1024px\" \/>\t\t\t\t\t<\/a>\n\t\t\t\t\t\t\t<\/div>\n\t\t\t\t\t\t<h4 class=\"uagb-post__title uagb-post__text\">\n\t\t\t\t<a href=\"https:\/\/veki-weiss.com\/sk\/einfache-kuerbiscremesuppe\/\" target=\"_self\" rel=\"bookmark noopener noreferrer\">Jednoduch\u00e1 tekvicov\u00e1 kr\u00e9mov\u00e1 polievka<\/a>\n\t\t\t<\/h4>\n\t\t\t\t\t\t<div class='uagb-post__text uagb-post-grid-byline'>\n\t\t\t\t\t\t\t\t<time datetime=\"2024-10-30T18:17:56+01:00\" class=\"uagb-post__date\">\n\t\t\t\t<span class=\"dashicons-calendar dashicons\"><\/span>\t\t\t\t\t30. okt\u00f3bra 2024\t\t\t\t<\/time>\n\t\t\t\t\t\t\t<span class=\"uagb-post__comment\">\n\t\t\t\t<span class=\"dashicons-admin-comments dashicons\"><\/span>\t\t\t\t\tNekomentovan\u00e9\t\t\t\t<\/span>\n\t\t\t\t\t\t<\/div>\n\t\t\t\t\t\t\t<div class='uagb-post__text uagb-post__excerpt'>\n\t\t\t\t\t<p>(pribli\u017ene na 4 porcie) Jednoduch\u00e1 tekvicov\u00e1 kr\u00e9mov\u00e1 polievka Ke\u010f sa dni skracuj\u00fa a ve\u010dery s\u00fa \u00fatulnej\u0161ie,\u2026\t\t\t\t<\/div>\n\t\t\t\t\t\t<div class=\"uagb-post__text uagb-post__cta wp-block-button\">\n\t\t\t\t<a class=\"wp-block-button__link uagb-text-link\" style=\"\" href=\"https:\/\/veki-weiss.com\/sk\/einfache-kuerbiscremesuppe\/\" target=\"_self\" rel=\"bookmark noopener noreferrer\">\u010c\u00edta\u0165 \u010falej<\/a>\n\t\t\t<\/div>\n\t\t\t\n\t\t\t\t\t\t\t\t\t<\/article>\n\t\t\t\t\t\t\t\t\t\t\t\t\t\t\t\t<article class=\"uagb-post__inner-wrap\">\t\t\t\t\t\t\t\t<div class='uagb-post__image'>\n\t\t\t\t\t\t\t\t\t<a href=\"https:\/\/veki-weiss.com\/sk\/saisonale-vegane-kueche-kreative-rezepte-fuer-den-herbst\/\" target=\"_self\" rel=\"bookmark noopener noreferrer\" class='uagb-image-ratio-inherit'><img loading=\"lazy\" decoding=\"async\" width=\"1024\" height=\"683\" src=\"https:\/\/veki-weiss.com\/wp-content\/uploads\/2024\/10\/kuerbispng-1024x683.png\" class=\"attachment-large size-large\" alt=\"\" srcset=\"https:\/\/veki-weiss.com\/wp-content\/uploads\/2024\/10\/kuerbispng-1024x683.png 1024w, https:\/\/veki-weiss.com\/wp-content\/uploads\/2024\/10\/kuerbispng-18x12.png 18w, https:\/\/veki-weiss.com\/wp-content\/uploads\/2024\/10\/kuerbispng-300x200.png 300w, https:\/\/veki-weiss.com\/wp-content\/uploads\/2024\/10\/kuerbispng-768x512.png 768w, https:\/\/veki-weiss.com\/wp-content\/uploads\/2024\/10\/kuerbispng.png 1200w\" sizes=\"(max-width: 1024px) 100vw, 1024px\" \/>\t\t\t\t\t<\/a>\n\t\t\t\t\t\t\t<\/div>\n\t\t\t\t\t\t<h4 class=\"uagb-post__title uagb-post__text\">\n\t\t\t\t<a href=\"https:\/\/veki-weiss.com\/sk\/saisonale-vegane-kueche-kreative-rezepte-fuer-den-herbst\/\" target=\"_self\" rel=\"bookmark noopener noreferrer\">Sez\u00f3nna veg\u00e1nska kuchy\u0148a: Kreat\u00edvne recepty na jese\u0148<\/a>\n\t\t\t<\/h4>\n\t\t\t\t\t\t<div class='uagb-post__text uagb-post-grid-byline'>\n\t\t\t\t\t\t\t\t<time datetime=\"2024-10-18T21:17:19+02:00\" class=\"uagb-post__date\">\n\t\t\t\t<span class=\"dashicons-calendar dashicons\"><\/span>\t\t\t\t\t18. okt\u00f3bra 2024\t\t\t\t<\/time>\n\t\t\t\t\t\t\t<span class=\"uagb-post__comment\">\n\t\t\t\t<span class=\"dashicons-admin-comments dashicons\"><\/span>\t\t\t\t\tNekomentovan\u00e9\t\t\t\t<\/span>\n\t\t\t\t\t\t<\/div>\n\t\t\t\t\t\t\t<div class='uagb-post__text uagb-post__excerpt'>\n\t\t\t\t\tObjavte kreat\u00edvne veg\u00e1nske recepty s tekvicou!\t\t\t\t<\/div>\n\t\t\t\t\t\t<div class=\"uagb-post__text uagb-post__cta wp-block-button\">\n\t\t\t\t<a class=\"wp-block-button__link uagb-text-link\" style=\"\" href=\"https:\/\/veki-weiss.com\/sk\/saisonale-vegane-kueche-kreative-rezepte-fuer-den-herbst\/\" target=\"_self\" rel=\"bookmark noopener noreferrer\">\u010c\u00edta\u0165 \u010falej<\/a>\n\t\t\t<\/div>\n\t\t\t\n\t\t\t\t\t\t\t\t\t<\/article>\n\t\t\t\t\t\t\t\t\t\t\t<\/div>\n\t\t\t<\/div><\/div>\n\n\n\n<div class=\"wp-block-uagb-container uagb-block-49f2a37a alignfull uagb-is-root-container\"><div class=\"uagb-container-inner-blocks-wrap\">\n<div class=\"wp-block-uagb-advanced-heading uagb-block-e205c265\"><h2 class=\"uagb-heading-text\">Jedenie by malo by\u0165 v\u017edy z\u00e1\u017eitkom<\/h2><\/div>\n\n\n\n<div class=\"wp-block-uagb-container uagb-block-10137bb2\">\n<div class=\"wp-block-uagb-container uagb-block-f042080c\">\n<div class=\"wp-block-uagb-info-box uagb-block-383d231b uagb-infobox__content-wrap  uagb-infobox-icon-above-title uagb-infobox-image-valign-top\"><div class=\"uagb-ifb-content\"><div class=\"uagb-ifb-image-content\"><img decoding=\"async\" src=\"https:\/\/veki-weiss.com\/wp-content\/uploads\/2024\/10\/salad2-free-img.jpg\" alt=\"\" width=\"1024\" height=\"597\" loading=\"lazy\"\/><\/div><div class=\"uagb-ifb-title-wrap\"><h2 class=\"uagb-ifb-title\">\u0160pen\u00e1tov\u00fd \u0161al\u00e1t<\/h2><\/div><p class=\"uagb-ifb-desc\">Nullam imperdiet lobortis maximus cras ante neque. Aenean fermentum vulputate eros, efficitur vehicula nunc accumsan\u2026<\/p><div class=\"uagb-ifb-button-wrapper wp-block-button\"><a href=\"#\" class=\"uagb-infobox-cta-link wp-block-button__link\" target=\"_self\" rel=\"noopener noreferrer\" onclick=\"return false;\"><span class=\"uagb-inline-editing\">\u010c\u00edta\u0165 \u010falej<\/span><\/a><\/div><\/div><\/div>\n<\/div>\n\n\n\n<div class=\"wp-block-uagb-container uagb-block-7c0bd6f2\">\n<div class=\"wp-block-uagb-info-box uagb-block-834c7b49 uagb-infobox__content-wrap  uagb-infobox-icon-above-title uagb-infobox-image-valign-top\"><div class=\"uagb-ifb-content\"><div class=\"uagb-ifb-image-content\"><img decoding=\"async\" src=\"https:\/\/veki-weiss.com\/wp-content\/uploads\/2024\/10\/blog01.jpg\" alt=\"\" width=\"1024\" height=\"597\" loading=\"lazy\"\/><\/div><div class=\"uagb-ifb-title-wrap\"><h2 class=\"uagb-ifb-title\">Ban\u00e1nov\u00fd \u0161al\u00e1t<\/h2><\/div><p class=\"uagb-ifb-desc\">Nullam imperdiet lobortis maximus cras ante neque. Aenean fermentum vulputate eros, efficitur vehicula nunc accumsan\u2026<\/p><div class=\"uagb-ifb-button-wrapper wp-block-button\"><a href=\"#\" class=\"uagb-infobox-cta-link wp-block-button__link\" target=\"_self\" rel=\"noopener noreferrer\" onclick=\"return false;\"><span class=\"uagb-inline-editing\">\u010c\u00edta\u0165 \u010falej<\/span><\/a><\/div><\/div><\/div>\n<\/div>\n<\/div>\n<\/div><\/div>\n\n\n\n<p><\/p>","protected":false},"excerpt":{"rendered":"<p>Vegan mit Herz Naschereien f\u00fcr Gesundheitsfreaks Gesund naschen geht ganz einfach!&nbsp;Entdecke k\u00f6stliche Kreationen ohne raffinierten Zucker \u2013 vollgepackt mit N\u00e4hrstoffen, Superfoods und jeder Menge Geschmack. Eating should always be an experience<\/p>","protected":false},"author":1,"featured_media":0,"parent":0,"menu_order":0,"comment_status":"closed","ping_status":"closed","template":"","meta":{"_uag_custom_page_level_css":"","wprm-recipe-roundup-name":"","wprm-recipe-roundup-description":"","_monsterinsights_skip_tracking":false,"_monsterinsights_sitenote_active":false,"_monsterinsights_sitenote_note":"","_monsterinsights_sitenote_category":0,"site-sidebar-layout":"default","site-content-layout":"","ast-site-content-layout":"default","site-content-style":"default","site-sidebar-style":"default","ast-global-header-display":"","ast-banner-title-visibility":"","ast-main-header-display":"","ast-hfb-above-header-display":"","ast-hfb-below-header-display":"","ast-hfb-mobile-header-display":"","site-post-title":"disabled","ast-breadcrumbs-content":"","ast-featured-img":"","footer-sml-layout":"","theme-transparent-header-meta":"","adv-header-id-meta":"","stick-header-meta":"","header-above-stick-meta":"","header-main-stick-meta":"","header-below-stick-meta":"","astra-migrate-meta-layouts":"set","ast-page-background-enabled":"default","ast-page-background-meta":{"desktop":{"background-color":"","background-image":"","background-repeat":"repeat","background-position":"center center","background-size":"auto","background-attachment":"scroll","background-type":"","background-media":"","overlay-type":"","overlay-color":"","overlay-opacity":"","overlay-gradient":""},"tablet":{"background-color":"","background-image":"","background-repeat":"repeat","background-position":"center center","background-size":"auto","background-attachment":"scroll","background-type":"","background-media":"","overlay-type":"","overlay-color":"","overlay-opacity":"","overlay-gradient":""},"mobile":{"background-color":"","background-image":"","background-repeat":"repeat","background-position":"center center","background-size":"auto","background-attachment":"scroll","background-type":"","background-media":"","overlay-type":"","overlay-color":"","overlay-opacity":"","overlay-gradient":""}},"ast-content-background-meta":{"desktop":{"background-color":"var(--ast-global-color-5)","background-image":"","background-repeat":"repeat","background-position":"center center","background-size":"auto","background-attachment":"scroll","background-type":"","background-media":"","overlay-type":"","overlay-color":"","overlay-opacity":"","overlay-gradient":""},"tablet":{"background-color":"var(--ast-global-color-5)","background-image":"","background-repeat":"repeat","background-position":"center center","background-size":"auto","background-attachment":"scroll","background-type":"","background-media":"","overlay-type":"","overlay-color":"","overlay-opacity":"","overlay-gradient":""},"mobile":{"background-color":"var(--ast-global-color-5)","background-image":"","background-repeat":"repeat","background-position":"center center","background-size":"auto","background-attachment":"scroll","background-type":"","background-media":"","overlay-type":"","overlay-color":"","overlay-opacity":"","overlay-gradient":""}},"footnotes":""},"class_list":["post-2330","page","type-page","status-publish","hentry"],"aioseo_notices":[],"uagb_featured_image_src":{"full":false,"thumbnail":false,"medium":false,"medium_large":false,"large":false,"1536x1536":false,"2048x2048":false,"trp-custom-language-flag":false,"wprm-metadata-1_1":false,"wprm-metadata-4_3":false,"wprm-metadata-16_9":false},"uagb_author_info":{"display_name":"veki-weiss.com","author_link":"https:\/\/veki-weiss.com\/sk\/author\/veki-weiss-com\/"},"uagb_comment_info":0,"uagb_excerpt":"Vegan mit Herz Naschereien f\u00fcr Gesundheitsfreaks Gesund naschen geht ganz einfach!&nbsp;Entdecke k\u00f6stliche Kreationen ohne raffinierten Zucker \u2013 vollgepackt mit N\u00e4hrstoffen, Superfoods und jeder Menge Geschmack. Eating should always be an experience","_links":{"self":[{"href":"https:\/\/veki-weiss.com\/sk\/wp-json\/wp\/v2\/pages\/2330"}],"collection":[{"href":"https:\/\/veki-weiss.com\/sk\/wp-json\/wp\/v2\/pages"}],"about":[{"href":"https:\/\/veki-weiss.com\/sk\/wp-json\/wp\/v2\/types\/page"}],"author":[{"embeddable":true,"href":"https:\/\/veki-weiss.com\/sk\/wp-json\/wp\/v2\/users\/1"}],"replies":[{"embeddable":true,"href":"https:\/\/veki-weiss.com\/sk\/wp-json\/wp\/v2\/comments?post=2330"}],"version-history":[{"count":10,"href":"https:\/\/veki-weiss.com\/sk\/wp-json\/wp\/v2\/pages\/2330\/revisions"}],"predecessor-version":[{"id":2875,"href":"https:\/\/veki-weiss.com\/sk\/wp-json\/wp\/v2\/pages\/2330\/revisions\/2875"}],"wp:attachment":[{"href":"https:\/\/veki-weiss.com\/sk\/wp-json\/wp\/v2\/media?parent=2330"}],"curies":[{"name":"wp","href":"https:\/\/api.w.org\/{rel}","templated":true}]}}