{"id":2665,"date":"2024-11-06T10:32:14","date_gmt":"2024-11-06T09:32:14","guid":{"rendered":"https:\/\/veki-weiss.com\/?page_id=2665"},"modified":"2024-11-06T19:08:05","modified_gmt":"2024-11-06T18:08:05","slug":"datenschutzerklaerung-2","status":"publish","type":"page","link":"https:\/\/veki-weiss.com\/sk\/datenschutzerklaerung-2\/","title":{"rendered":"Z\u00e1sady ochrany osobn\u00fdch \u00fadajov"},"content":{"rendered":"<p>Tu s\u00fa predbe\u017en\u00e9 z\u00e1sady ochrany osobn\u00fdch \u00fadajov, ktor\u00e9 m\u00f4\u017eete pou\u017ei\u0165 pre svoju webov\u00fa str\u00e1nku po\u010das jej v\u00fdvoja. Obsahuj\u00fa z\u00e1kladn\u00e9 inform\u00e1cie a pozn\u00e1mku, \u017ee z\u00e1sady bud\u00fa nesk\u00f4r aktualizovan\u00e9:<\/p>\n\n\n\n<hr class=\"wp-block-separator has-alpha-channel-opacity\"\/>\n\n\n\n<p><strong>Predbe\u017en\u00e9 z\u00e1sady ochrany osobn\u00fdch \u00fadajov<\/strong><\/p>\n\n\n\n<p>Vitajte na na\u0161ej webovej str\u00e1nke! T\u00e1to str\u00e1nka je moment\u00e1lne vo v\u00fdstavbe a pracujeme na tom, aby bola \u010do najsk\u00f4r plne dostupn\u00e1. Ochrana \u00fadajov a transparentnos\u0165 s\u00fa pre n\u00e1s ve\u013emi d\u00f4le\u017eit\u00e9. Tieto z\u00e1sady ochrany osobn\u00fdch \u00fadajov bud\u00fa v bud\u00facnosti roz\u0161\u00edren\u00e9 tak, aby komplexne popisovali v\u0161etky podrobnosti o na\u0161om spracovan\u00ed \u00fadajov. Nasleduj\u00face inform\u00e1cie poskytuj\u00fa \u00favodn\u00fd preh\u013ead o ochrane \u00fadajov na tejto str\u00e1nke.<\/p>\n\n\n\n<h3 class=\"wp-block-heading\">1. Zodpovedn\u00fd org\u00e1n<\/h3>\n\n\n\n<p>Za spracovanie \u00fadajov na tejto webovej str\u00e1nke je zodpovedn\u00fd:<\/p>\n\n\n\n<p>VERMILLE s.r.o.<br>Pie\u0161\u0165 I 246 <br>962 12 Detva<\/p>\n\n\n\n<p>vermille.realmix@gmail.com<\/p>\n\n\n\n<h3 class=\"wp-block-heading\">2. Zber a uchov\u00e1vanie \u00fadajov<\/h3>\n\n\n\n<p>Ke\u010f\u017ee t\u00e1to webov\u00e1 str\u00e1nka je st\u00e1le vo v\u00fdvoji, v s\u00fa\u010dasnosti sa spracov\u00e1va iba minim\u00e1lne mno\u017estvo osobn\u00fdch \u00fadajov. Zvy\u010dajne to zah\u0155\u0148a:<\/p>\n\n\n\n<ul class=\"wp-block-list\">\n<li><strong>\u00dadaje protokolu servera<\/strong>Pri ka\u017edej n\u00e1v\u0161teve tejto webovej str\u00e1nky sa v\u0161eobecn\u00e9 \u00fadaje, ako je IP adresa, typ prehliada\u010da, opera\u010dn\u00fd syst\u00e9m a \u010das pr\u00edstupu, automaticky ukladaj\u00fa do tzv. protokolov\u00fdch s\u00faborov servera. Tieto \u00fadaje s\u00fa potrebn\u00e9 na zaistenie bezpe\u010dnosti a stability webovej str\u00e1nky a maj\u00fa \u010disto technick\u00fd charakter.<\/li>\n<\/ul>\n\n\n\n<h3 class=\"wp-block-heading\">3. S\u00fabory cookie a n\u00e1stroje na sledovanie<\/h3>\n\n\n\n<p>Moment\u00e1lne pou\u017e\u00edvame iba nevyhnutn\u00e9 s\u00fabory cookie potrebn\u00e9 na prev\u00e1dzku webovej str\u00e1nky. N\u00e1stroje na sledovanie a analytiku sa moment\u00e1lne nepou\u017e\u00edvaj\u00fa. Ke\u010f bude webov\u00e1 str\u00e1nka plne funk\u010dn\u00e1, v pr\u00edpade pridania \u010fal\u0161\u00edch s\u00faborov cookie a n\u00e1strojov na sledovanie nastav\u00edme banner so s\u00fabormi cookie a pr\u00edslu\u0161n\u00e9 ozn\u00e1menia o ochrane osobn\u00fdch \u00fadajov.<\/p>\n\n\n\n<h3 class=\"wp-block-heading\">4. Prenos \u00fadajov tret\u00edm stran\u00e1m<\/h3>\n\n\n\n<p>Vo v\u0161eobecnosti poskytujeme osobn\u00e9 \u00fadaje tret\u00edm stran\u00e1m iba vtedy, ak je to nevyhnutn\u00e9 na splnenie z\u00e1konn\u00fdch povinnost\u00ed alebo ak ste s t\u00fdm v\u00fdslovne s\u00fahlasili.<\/p>\n\n\n\n<h3 class=\"wp-block-heading\">5. Pr\u00e1va dotknut\u00fdch os\u00f4b<\/h3>\n\n\n\n<p>Ako pou\u017e\u00edvate\u013e m\u00e1te pr\u00e1vo:<\/p>\n\n\n\n<ul class=\"wp-block-list\">\n<li>prij\u00edma\u0165 inform\u00e1cie o ulo\u017een\u00fdch \u00fadajoch,<\/li>\n\n\n\n<li>po\u017eiada\u0165 o opravu nepresn\u00fdch \u00fadajov,<\/li>\n\n\n\n<li>po\u017eiada\u0165 o vymazanie va\u0161ich \u00fadajov, ak je to zo z\u00e1kona pr\u00edpustn\u00e9,<\/li>\n\n\n\n<li>po\u017eiada\u0165 o obmedzenie spracovania va\u0161ich \u00fadajov,<\/li>\n\n\n\n<li>namieta\u0165 proti spracovaniu va\u0161ich \u00fadajov,<\/li>\n\n\n\n<li>z\u00edska\u0165 k\u00f3piu svojich \u00fadajov (prenosnos\u0165 \u00fadajov).<\/li>\n<\/ul>\n\n\n\n<p>Ak chcete uplatni\u0165 svoje pr\u00e1va, m\u00f4\u017eete n\u00e1s kedyko\u013evek kontaktova\u0165 pomocou vy\u0161\u0161ie uvedenej kontaktnej adresy.<\/p>\n\n\n\n<h3 class=\"wp-block-heading\">6. Zmeny vyhraden\u00e9<\/h3>\n\n\n\n<p>Ke\u010f\u017ee t\u00e1to webov\u00e1 str\u00e1nka je moment\u00e1lne vo v\u00fdstavbe, vyhradzujeme si pr\u00e1vo aktualizova\u0165 a upravova\u0165 tieto z\u00e1sady ochrany osobn\u00fdch \u00fadajov v bud\u00facnosti. Z\u00e1sady roz\u0161\u00edrime hne\u010f, ako bud\u00fa implementovan\u00e9 v\u0161etky funkcie a slu\u017eby webovej str\u00e1nky.<\/p>\n\n\n\n<p><em>Posledn\u00e1 aktualiz\u00e1cia: 6. novembra 2024<\/em><\/p>\n\n\n\n<p><\/p>","protected":false},"excerpt":{"rendered":"<p>Hier ist eine vorl\u00e4ufige Datenschutzerkl\u00e4rung, die du f\u00fcr deine im Aufbau befindliche Website verwenden kannst. Sie enth\u00e4lt grundlegende Informationen und einen Hinweis darauf, dass die Erkl\u00e4rung sp\u00e4ter erg\u00e4nzt wird: Vorl\u00e4ufige Datenschutzerkl\u00e4rung Willkommen auf unserer Website! Diese Seite befindet sich derzeit noch im Aufbau, und wir arbeiten daran, sie so bald wie m\u00f6glich vollst\u00e4ndig bereitzustellen. Datenschutz [&hellip;]<\/p>","protected":false},"author":1,"featured_media":0,"parent":0,"menu_order":0,"comment_status":"closed","ping_status":"closed","template":"","meta":{"_uag_custom_page_level_css":"","wprm-recipe-roundup-name":"","wprm-recipe-roundup-description":"","_monsterinsights_skip_tracking":false,"_monsterinsights_sitenote_active":false,"_monsterinsights_sitenote_note":"","_monsterinsights_sitenote_category":0,"site-sidebar-layout":"default","site-content-layout":"","ast-site-content-layout":"default","site-content-style":"default","site-sidebar-style":"default","ast-global-header-display":"","ast-banner-title-visibility":"","ast-main-header-display":"","ast-hfb-above-header-display":"","ast-hfb-below-header-display":"","ast-hfb-mobile-header-display":"","site-post-title":"","ast-breadcrumbs-content":"","ast-featured-img":"","footer-sml-layout":"","theme-transparent-header-meta":"","adv-header-id-meta":"","stick-header-meta":"","header-above-stick-meta":"","header-main-stick-meta":"","header-below-stick-meta":"","astra-migrate-meta-layouts":"set","ast-page-background-enabled":"default","ast-page-background-meta":{"desktop":{"background-color":"","background-image":"","background-repeat":"repeat","background-position":"center center","background-size":"auto","background-attachment":"scroll","background-type":"","background-media":"","overlay-type":"","overlay-color":"","overlay-opacity":"","overlay-gradient":""},"tablet":{"background-color":"","background-image":"","background-repeat":"repeat","background-position":"center center","background-size":"auto","background-attachment":"scroll","background-type":"","background-media":"","overlay-type":"","overlay-color":"","overlay-opacity":"","overlay-gradient":""},"mobile":{"background-color":"","background-image":"","background-repeat":"repeat","background-position":"center center","background-size":"auto","background-attachment":"scroll","background-type":"","background-media":"","overlay-type":"","overlay-color":"","overlay-opacity":"","overlay-gradient":""}},"ast-content-background-meta":{"desktop":{"background-color":"var(--ast-global-color-5)","background-image":"","background-repeat":"repeat","background-position":"center center","background-size":"auto","background-attachment":"scroll","background-type":"","background-media":"","overlay-type":"","overlay-color":"","overlay-opacity":"","overlay-gradient":""},"tablet":{"background-color":"var(--ast-global-color-5)","background-image":"","background-repeat":"repeat","background-position":"center center","background-size":"auto","background-attachment":"scroll","background-type":"","background-media":"","overlay-type":"","overlay-color":"","overlay-opacity":"","overlay-gradient":""},"mobile":{"background-color":"var(--ast-global-color-5)","background-image":"","background-repeat":"repeat","background-position":"center center","background-size":"auto","background-attachment":"scroll","background-type":"","background-media":"","overlay-type":"","overlay-color":"","overlay-opacity":"","overlay-gradient":""}},"footnotes":""},"class_list":["post-2665","page","type-page","status-publish","hentry"],"aioseo_notices":[],"uagb_featured_image_src":{"full":false,"thumbnail":false,"medium":false,"medium_large":false,"large":false,"1536x1536":false,"2048x2048":false,"trp-custom-language-flag":false,"wprm-metadata-1_1":false,"wprm-metadata-4_3":false,"wprm-metadata-16_9":false},"uagb_author_info":{"display_name":"veki-weiss.com","author_link":"https:\/\/veki-weiss.com\/sk\/author\/veki-weiss-com\/"},"uagb_comment_info":0,"uagb_excerpt":"Hier ist eine vorl\u00e4ufige Datenschutzerkl\u00e4rung, die du f\u00fcr deine im Aufbau befindliche Website verwenden kannst. Sie enth\u00e4lt grundlegende Informationen und einen Hinweis darauf, dass die Erkl\u00e4rung sp\u00e4ter erg\u00e4nzt wird: Vorl\u00e4ufige Datenschutzerkl\u00e4rung Willkommen auf unserer Website! Diese Seite befindet sich derzeit noch im Aufbau, und wir arbeiten daran, sie so bald wie m\u00f6glich vollst\u00e4ndig bereitzustellen. Datenschutz&hellip;","_links":{"self":[{"href":"https:\/\/veki-weiss.com\/sk\/wp-json\/wp\/v2\/pages\/2665"}],"collection":[{"href":"https:\/\/veki-weiss.com\/sk\/wp-json\/wp\/v2\/pages"}],"about":[{"href":"https:\/\/veki-weiss.com\/sk\/wp-json\/wp\/v2\/types\/page"}],"author":[{"embeddable":true,"href":"https:\/\/veki-weiss.com\/sk\/wp-json\/wp\/v2\/users\/1"}],"replies":[{"embeddable":true,"href":"https:\/\/veki-weiss.com\/sk\/wp-json\/wp\/v2\/comments?post=2665"}],"version-history":[{"count":2,"href":"https:\/\/veki-weiss.com\/sk\/wp-json\/wp\/v2\/pages\/2665\/revisions"}],"predecessor-version":[{"id":2670,"href":"https:\/\/veki-weiss.com\/sk\/wp-json\/wp\/v2\/pages\/2665\/revisions\/2670"}],"wp:attachment":[{"href":"https:\/\/veki-weiss.com\/sk\/wp-json\/wp\/v2\/media?parent=2665"}],"curies":[{"name":"wp","href":"https:\/\/api.w.org\/{rel}","templated":true}]}}