{"id":2707,"date":"2025-04-28T10:49:07","date_gmt":"2025-04-28T08:49:07","guid":{"rendered":"https:\/\/veki-weiss.com\/?page_id=2707"},"modified":"2025-05-04T13:24:12","modified_gmt":"2025-05-04T11:24:12","slug":"intuitiv-kochen","status":"publish","type":"page","link":"https:\/\/veki-weiss.com\/sk\/intuitiv-kochen\/","title":{"rendered":"Intuit\u00edvne varenie"},"content":{"rendered":"<div class=\"wp-block-cover alignfull is-light\" style=\"margin-top:0;padding-top:48px;padding-right:48px;padding-bottom:48px;padding-left:48px;min-height:388px;aspect-ratio:unset;\"><span aria-hidden=\"true\" class=\"wp-block-cover__background has-background-dim-30 has-background-dim\" style=\"background-color:#cfcdc1\"><\/span><img loading=\"lazy\" decoding=\"async\" width=\"1200\" height=\"300\" class=\"wp-block-cover__image-background wp-image-2711\" alt=\"Intuitiv Kochen\" src=\"https:\/\/veki-weiss.com\/wp-content\/uploads\/2025\/04\/Banner-Bild-IMPULSE-Co.png\" data-object-fit=\"cover\" srcset=\"https:\/\/veki-weiss.com\/wp-content\/uploads\/2025\/04\/Banner-Bild-IMPULSE-Co.png 1200w, https:\/\/veki-weiss.com\/wp-content\/uploads\/2025\/04\/Banner-Bild-IMPULSE-Co-300x75.png 300w, https:\/\/veki-weiss.com\/wp-content\/uploads\/2025\/04\/Banner-Bild-IMPULSE-Co-1024x256.png 1024w, https:\/\/veki-weiss.com\/wp-content\/uploads\/2025\/04\/Banner-Bild-IMPULSE-Co-768x192.png 768w\" sizes=\"(max-width: 1200px) 100vw, 1200px\" \/><div class=\"wp-block-cover__inner-container is-layout-flow wp-block-cover-is-layout-flow\">\n<div style=\"height:72px\" aria-hidden=\"true\" class=\"wp-block-spacer\"><\/div>\n\n\n\n<div data-aos= \"zoom-in\" data-aos-duration=\"400\" data-aos-delay=\"0\" data-aos-easing=\"ease\" data-aos-once=\"true\" class=\"wp-block-uagb-advanced-heading uagb-block-1079df4e\"><h1 class=\"uagb-heading-text\"><strong>Intuit\u00edvne varenie<\/strong><\/h1><\/div>\n\n\n\n<div data-aos= \"fade-up\" data-aos-duration=\"400\" data-aos-delay=\"0\" data-aos-easing=\"ease\" data-aos-once=\"true\" class=\"wp-block-uagb-buttons uagb-buttons__outer-wrap uagb-btn__default-btn uagb-btn-tablet__default-btn uagb-btn-mobile__default-btn uagb-block-37b13f93\"><div class=\"uagb-buttons__wrap uagb-buttons-layout-wrap\">\n<div class=\"wp-block-uagb-buttons-child uagb-buttons__outer-wrap uagb-block-ee582204 wp-block-button\"><div class=\"uagb-button__wrapper\"><a class=\"uagb-buttons-repeater wp-block-button__link\" aria-label=\"\" href=\"https:\/\/veki-weiss.com\/veinkoestlich\/\" rel=\"follow noopener\" target=\"_self\" role=\"button\"><div class=\"uagb-button__link\">... alebo by ste rad\u0161ej postupovali pod\u013ea receptu?<\/div><\/a><\/div><\/div>\n<\/div><\/div>\n\n\n\n<div class=\"wp-block-buttons is-content-justification-center is-nowrap is-layout-flex wp-container-core-buttons-is-layout-1 wp-block-buttons-is-layout-flex\"><\/div>\n<\/div><\/div>\n\n\n\n<div class=\"wp-block-uagb-container uagb-block-451db023 alignfull uagb-is-root-container\"><div class=\"uagb-container-inner-blocks-wrap\"><\/div><\/div>\n\n\n\n<div class=\"wp-block-uagb-container uagb-block-e8ec69fb alignfull uagb-is-root-container\"><div class=\"uagb-container-inner-blocks-wrap\">\n<div class=\"wp-block-uagb-container uagb-block-83d023da\">\n<h3 class=\"wp-block-heading\" style=\"margin-top:0;margin-right:0;margin-bottom:0;margin-left:0\"><strong><a href=\"https:\/\/veki-weiss.com\/intuitiv-kochen-mit-dem-was-da-ist\/\" title=\"\">Intuit\u00edvne varenie \u2013 s citom namiesto receptov<\/a><\/strong><\/h3>\n\n\n\n<p>Varenie by malo plyn\u00fa\u0165, a je to mo\u017en\u00e9 aj bez receptu? Ur\u010dite \u00e1no! Nepotrebujete \u017eiadne konkr\u00e9tne pokyny \u2013 len nad\u0161enie, odvahu a trochu d\u00f4very. Kreativitu, intu\u00edciu a vkus v sebe nos\u00edte u\u017e dlho. Uk\u00e1\u017eem v\u00e1m, ako premeni\u0165 svoju kuchy\u0148u na miesto radosti \u2013 bez stresu, s d\u00f4razom na detail.<\/p>\n\n\n\n<div class=\"wp-block-uagb-buttons uagb-buttons__outer-wrap uagb-btn__default-btn uagb-btn-tablet__default-btn uagb-btn-mobile__default-btn uagb-block-d024f8fe\"><div class=\"uagb-buttons__wrap uagb-buttons-layout-wrap\">\n<div class=\"wp-block-uagb-buttons-child uagb-buttons__outer-wrap uagb-block-dc4a0a21 wp-block-button\"><div class=\"uagb-button__wrapper\"><a class=\"uagb-buttons-repeater wp-block-button__link\" aria-label=\"\" href=\"https:\/\/veki-weiss.com\/intuitiv-kochen-mit-dem-was-da-ist\/\" rel=\"follow noopener\" target=\"_self\" role=\"button\"><div class=\"uagb-button__link\">\u010c\u00edta\u0165 \u010falej\u2026<\/div><\/a><\/div><\/div>\n<\/div><\/div>\n<\/div>\n\n\n\n<div class=\"wp-block-uagb-container uagb-block-4c0f3a85\">\n<figure class=\"wp-block-image size-full is-resized\"><a href=\"https:\/\/veki-weiss.com\/intuitiv-kochen-mit-dem-was-da-ist\/\"><img loading=\"lazy\" decoding=\"async\" width=\"1200\" height=\"800\" src=\"https:\/\/veki-weiss.com\/wp-content\/uploads\/2025\/05\/14.png\" alt=\"Frische pflanzliche Zutaten auf hellem Untergrund: Brokkoli, Spargel, H\u00fclsenfr\u00fcchte, N\u00fcsse und Tofu \u2013 bereit zum intuitiven Kochen\" class=\"wp-image-2763\" style=\"width:544px;height:auto\" srcset=\"https:\/\/veki-weiss.com\/wp-content\/uploads\/2025\/05\/14.png 1200w, https:\/\/veki-weiss.com\/wp-content\/uploads\/2025\/05\/14-300x200.png 300w, https:\/\/veki-weiss.com\/wp-content\/uploads\/2025\/05\/14-1024x683.png 1024w, https:\/\/veki-weiss.com\/wp-content\/uploads\/2025\/05\/14-768x512.png 768w\" sizes=\"(max-width: 1200px) 100vw, 1200px\" \/><\/a><\/figure>\n<\/div>\n<\/div><\/div>\n\n\n\n<hr class=\"wp-block-separator has-alpha-channel-opacity\" style=\"margin-top:var(--wp--preset--spacing--70);margin-bottom:var(--wp--preset--spacing--70)\"\/>\n\n\n\n<p><\/p>","protected":false},"excerpt":{"rendered":"<p>Intuitiv Kochen \u2013 Mit Gef\u00fchl statt Rezept Kochen darf flie\u00dfen und geht das auch ohne Rezept? Eindeutig Ja! Du brauchst keine feste Anleitung \u2013 nur Lust, Mut und ein bisschen Vertrauen. Die Kreativit\u00e4t, Intuition und Geschmack tr\u00e4gst du schon l\u00e4ngst mit dir. Ich zeige dir, wie du deine K\u00fcche in einen Ort der Freude verwandelst [&hellip;]<\/p>","protected":false},"author":1,"featured_media":0,"parent":0,"menu_order":0,"comment_status":"closed","ping_status":"closed","template":"","meta":{"_uag_custom_page_level_css":"","wprm-recipe-roundup-name":"","wprm-recipe-roundup-description":"","_monsterinsights_skip_tracking":false,"_monsterinsights_sitenote_active":false,"_monsterinsights_sitenote_note":"","_monsterinsights_sitenote_category":0,"site-sidebar-layout":"default","site-content-layout":"","ast-site-content-layout":"default","site-content-style":"default","site-sidebar-style":"default","ast-global-header-display":"","ast-banner-title-visibility":"","ast-main-header-display":"","ast-hfb-above-header-display":"","ast-hfb-below-header-display":"","ast-hfb-mobile-header-display":"","site-post-title":"disabled","ast-breadcrumbs-content":"","ast-featured-img":"","footer-sml-layout":"","theme-transparent-header-meta":"","adv-header-id-meta":"","stick-header-meta":"","header-above-stick-meta":"","header-main-stick-meta":"","header-below-stick-meta":"","astra-migrate-meta-layouts":"set","ast-page-background-enabled":"default","ast-page-background-meta":{"desktop":{"background-color":"","background-image":"","background-repeat":"repeat","background-position":"center center","background-size":"auto","background-attachment":"scroll","background-type":"","background-media":"","overlay-type":"","overlay-color":"","overlay-opacity":"","overlay-gradient":""},"tablet":{"background-color":"","background-image":"","background-repeat":"repeat","background-position":"center center","background-size":"auto","background-attachment":"scroll","background-type":"","background-media":"","overlay-type":"","overlay-color":"","overlay-opacity":"","overlay-gradient":""},"mobile":{"background-color":"","background-image":"","background-repeat":"repeat","background-position":"center center","background-size":"auto","background-attachment":"scroll","background-type":"","background-media":"","overlay-type":"","overlay-color":"","overlay-opacity":"","overlay-gradient":""}},"ast-content-background-meta":{"desktop":{"background-color":"var(--ast-global-color-5)","background-image":"","background-repeat":"repeat","background-position":"center center","background-size":"auto","background-attachment":"scroll","background-type":"","background-media":"","overlay-type":"","overlay-color":"","overlay-opacity":"","overlay-gradient":""},"tablet":{"background-color":"var(--ast-global-color-5)","background-image":"","background-repeat":"repeat","background-position":"center center","background-size":"auto","background-attachment":"scroll","background-type":"","background-media":"","overlay-type":"","overlay-color":"","overlay-opacity":"","overlay-gradient":""},"mobile":{"background-color":"var(--ast-global-color-5)","background-image":"","background-repeat":"repeat","background-position":"center center","background-size":"auto","background-attachment":"scroll","background-type":"","background-media":"","overlay-type":"","overlay-color":"","overlay-opacity":"","overlay-gradient":""}},"footnotes":""},"class_list":["post-2707","page","type-page","status-publish","hentry"],"aioseo_notices":[],"uagb_featured_image_src":{"full":false,"thumbnail":false,"medium":false,"medium_large":false,"large":false,"1536x1536":false,"2048x2048":false,"trp-custom-language-flag":false,"wprm-metadata-1_1":false,"wprm-metadata-4_3":false,"wprm-metadata-16_9":false},"uagb_author_info":{"display_name":"veki-weiss.com","author_link":"https:\/\/veki-weiss.com\/sk\/author\/veki-weiss-com\/"},"uagb_comment_info":0,"uagb_excerpt":"Intuitiv Kochen \u2013 Mit Gef\u00fchl statt Rezept Kochen darf flie\u00dfen und geht das auch ohne Rezept? Eindeutig Ja! Du brauchst keine feste Anleitung \u2013 nur Lust, Mut und ein bisschen Vertrauen. Die Kreativit\u00e4t, Intuition und Geschmack tr\u00e4gst du schon l\u00e4ngst mit dir. Ich zeige dir, wie du deine K\u00fcche in einen Ort der Freude verwandelst&hellip;","_links":{"self":[{"href":"https:\/\/veki-weiss.com\/sk\/wp-json\/wp\/v2\/pages\/2707"}],"collection":[{"href":"https:\/\/veki-weiss.com\/sk\/wp-json\/wp\/v2\/pages"}],"about":[{"href":"https:\/\/veki-weiss.com\/sk\/wp-json\/wp\/v2\/types\/page"}],"author":[{"embeddable":true,"href":"https:\/\/veki-weiss.com\/sk\/wp-json\/wp\/v2\/users\/1"}],"replies":[{"embeddable":true,"href":"https:\/\/veki-weiss.com\/sk\/wp-json\/wp\/v2\/comments?post=2707"}],"version-history":[{"count":22,"href":"https:\/\/veki-weiss.com\/sk\/wp-json\/wp\/v2\/pages\/2707\/revisions"}],"predecessor-version":[{"id":2780,"href":"https:\/\/veki-weiss.com\/sk\/wp-json\/wp\/v2\/pages\/2707\/revisions\/2780"}],"wp:attachment":[{"href":"https:\/\/veki-weiss.com\/sk\/wp-json\/wp\/v2\/media?parent=2707"}],"curies":[{"name":"wp","href":"https:\/\/api.w.org\/{rel}","templated":true}]}}