{"id":3,"date":"2024-03-21T16:18:59","date_gmt":"2024-03-21T15:18:59","guid":{"rendered":"http:\/\/veki-weiss.com\/?page_id=3"},"modified":"2024-11-06T10:35:27","modified_gmt":"2024-11-06T09:35:27","slug":"datenschutzerklaerung","status":"publish","type":"page","link":"https:\/\/veki-weiss.com\/sk\/datenschutzerklaerung\/","title":{"rendered":"Ochrana \u00fadajov"},"content":{"rendered":"<h2 class=\"wp-block-heading\">Kto sme<\/h2><p><strong class=\"privacy-policy-tutorial\">Navrhovan\u00fd text: <\/strong>Adresa na\u0161ej webovej str\u00e1nky je: http:\/\/veki-weiss.com.<\/p><h2 class=\"wp-block-heading\">Koment\u00e1re<\/h2><p><strong class=\"privacy-policy-tutorial\">Navrhovan\u00fd text: <\/strong>Ke\u010f n\u00e1v\u0161tevn\u00edci zanechaj\u00fa koment\u00e1re na str\u00e1nke, zhroma\u017e\u010fujeme \u00fadaje zobrazen\u00e9 vo formul\u00e1ri koment\u00e1rov, ako aj IP adresu n\u00e1v\u0161tevn\u00edka a re\u0165azec user agent prehliada\u010da, aby sme pomohli odhali\u0165 spam.<\/p><p>Slu\u017ebe Gravatar m\u00f4\u017ee by\u0165 poskytnut\u00fd anonymizovan\u00fd re\u0165azec vytvoren\u00fd z va\u0161ej e-mailovej adresy (naz\u00fdvan\u00fd aj hash), aby sa zistilo, \u010di ju pou\u017e\u00edvate. Z\u00e1sady ochrany osobn\u00fdch \u00fadajov slu\u017eby Gravatar n\u00e1jdete tu: https:\/\/automattic.com\/privacy\/. Po schv\u00e1len\u00ed v\u00e1\u0161ho koment\u00e1ra bude v\u00e1\u0161 profilov\u00fd obr\u00e1zok verejne vidite\u013en\u00fd v kontexte v\u00e1\u0161ho koment\u00e1ra.<\/p><h2 class=\"wp-block-heading\">m\u00e9di\u00e1<\/h2><p><strong class=\"privacy-policy-tutorial\">Navrhovan\u00fd text: <\/strong>Ak ste registrovan\u00fd pou\u017e\u00edvate\u013e a nahr\u00e1vate fotografie na t\u00fato webov\u00fa str\u00e1nku, mali by ste sa vyhn\u00fa\u0165 nahr\u00e1vaniu fotografi\u00ed s polohou EXIF GPS. N\u00e1v\u0161tevn\u00edci tejto webovej str\u00e1nky si m\u00f4\u017eu stiahnu\u0165 fotografie ulo\u017een\u00e9 na tejto webovej str\u00e1nke a extrahova\u0165 inform\u00e1cie o ich polohe.<\/p><h2 class=\"wp-block-heading\">S\u00fabory cookie<\/h2><p><strong class=\"privacy-policy-tutorial\">Navrhovan\u00fd text: <\/strong>Ak zanech\u00e1te koment\u00e1r na na\u0161ej webovej str\u00e1nke, m\u00f4\u017eete s\u00fahlasi\u0165 s ulo\u017een\u00edm v\u00e1\u0161ho mena, e-mailovej adresy a webovej str\u00e1nky do s\u00faborov cookie. Ide o funkciu, ktor\u00e1 v\u00e1m umo\u017en\u00ed znova zad\u00e1va\u0165 v\u0161etky tieto inform\u00e1cie pri zanechan\u00ed \u010fal\u0161ieho koment\u00e1ra. Tieto s\u00fabory cookie sa ukladaj\u00fa jeden rok.<\/p><p>Ak m\u00e1te \u00fa\u010det a prihl\u00e1site sa na t\u00fato webov\u00fa str\u00e1nku, nastav\u00edme do\u010dasn\u00fd s\u00fabor cookie, aby sme zistili, \u010di v\u00e1\u0161 prehliada\u010d akceptuje s\u00fabory cookie. Tento s\u00fabor cookie neobsahuje \u017eiadne osobn\u00e9 \u00fadaje a po zatvoren\u00ed prehliada\u010da sa zahod\u00ed.<\/p><p>Ke\u010f sa prihl\u00e1site, nastav\u00edme s\u00fabory cookie na ulo\u017eenie va\u0161ich prihlasovac\u00edch \u00fadajov a mo\u017enost\u00ed zobrazenia. Platnos\u0165 prihlasovac\u00edch s\u00faborov cookie vypr\u0161\u00ed po dvoch d\u0148och a platnos\u0165 s\u00faborov cookie s mo\u017enos\u0165ami zobrazenia vypr\u0161\u00ed po jednom roku. Ak pri prihlasovan\u00ed vyberiete mo\u017enos\u0165 \u201eZosta\u0165 prihl\u00e1sen\u00fd\u201c, va\u0161e prihl\u00e1senie sa uchov\u00e1 dva t\u00fd\u017edne. Ke\u010f sa odhl\u00e1site zo svojho \u00fa\u010dtu, prihlasovacie s\u00fabory cookie sa vyma\u017e\u00fa.<\/p><p>Ke\u010f uprav\u00edte alebo publikujete \u010dl\u00e1nok, vo va\u0161om prehliada\u010di sa ulo\u017e\u00ed \u010fal\u0161\u00ed s\u00fabor cookie. Tento s\u00fabor cookie neobsahuje \u017eiadne osobn\u00e9 \u00fadaje a odkazuje iba na ID pr\u00edspevku \u010dl\u00e1nku, ktor\u00fd ste pr\u00e1ve upravili. Platnos\u0165 s\u00faboru cookie vypr\u0161\u00ed po jednom dni.<\/p><h2 class=\"wp-block-heading\">Vlo\u017een\u00fd obsah z in\u00fdch webov\u00fdch str\u00e1nok<\/h2><p><strong class=\"privacy-policy-tutorial\">Navrhovan\u00fd text: <\/strong>\u010cl\u00e1nky na tejto webovej str\u00e1nke m\u00f4\u017eu obsahova\u0165 vlo\u017een\u00fd obsah (napr. vide\u00e1, obr\u00e1zky, \u010dl\u00e1nky at\u010f.). Vlo\u017een\u00fd obsah z in\u00fdch webov\u00fdch str\u00e1nok sa spr\u00e1va presne tak, ako keby n\u00e1v\u0161tevn\u00edk nav\u0161t\u00edvil dan\u00fa in\u00fa webov\u00fa str\u00e1nku.<\/p><p>Tieto webov\u00e9 str\u00e1nky m\u00f4\u017eu zhroma\u017e\u010fova\u0165 \u00fadaje o v\u00e1s, pou\u017e\u00edva\u0165 s\u00fabory cookie, vklada\u0165 \u010fal\u0161ie sledovanie tret\u00edch str\u00e1n a monitorova\u0165 va\u0161u interakciu s t\u00fdmto vlo\u017een\u00fdm obsahom vr\u00e1tane sledovania va\u0161ej interakcie s vlo\u017een\u00fdm obsahom, ak m\u00e1te \u00fa\u010det a ste prihl\u00e1sen\u00ed na danej webovej str\u00e1nke.<\/p><h2 class=\"wp-block-heading\">S k\u00fdm zdie\u013eame va\u0161e \u00fadaje<\/h2><p><strong class=\"privacy-policy-tutorial\">Navrhovan\u00fd text: <\/strong>Ak po\u017eiadate o obnovenie hesla, va\u0161a IP adresa bude uveden\u00e1 v e-maile s po\u017eiadavkou na obnovenie hesla.<\/p><h2 class=\"wp-block-heading\">Ako dlho uchov\u00e1vame va\u0161e \u00fadaje<\/h2><p><strong class=\"privacy-policy-tutorial\">Navrhovan\u00fd text: <\/strong>Ke\u010f zanech\u00e1te koment\u00e1r, ulo\u017e\u00ed sa na neur\u010dito vr\u00e1tane v\u0161etk\u00fdch metad\u00e1t. To n\u00e1m umo\u017e\u0148uje automaticky rozpozna\u0165 a schv\u00e1li\u0165 n\u00e1sledn\u00e9 koment\u00e1re namiesto toho, aby sme ich dr\u017eali v porad\u00ed na moderovanie.<\/p><p>Pre pou\u017e\u00edvate\u013eov, ktor\u00ed sa zaregistruj\u00fa na na\u0161ej webovej str\u00e1nke, uklad\u00e1me aj osobn\u00e9 \u00fadaje, ktor\u00e9 poskytn\u00fa, v ich pou\u017e\u00edvate\u013esk\u00fdch profiloch. V\u0161etci pou\u017e\u00edvatelia si m\u00f4\u017eu kedyko\u013evek zobrazi\u0165, zmeni\u0165 alebo vymaza\u0165 svoje osobn\u00e9 \u00fadaje (pou\u017e\u00edvate\u013esk\u00e9 meno nie je mo\u017en\u00e9 zmeni\u0165). Tieto inform\u00e1cie si m\u00f4\u017eu zobrazi\u0165 a zmeni\u0165 aj spr\u00e1vcovia webov\u00fdch str\u00e1nok.<\/p><h2 class=\"wp-block-heading\">Ak\u00e9 m\u00e1te pr\u00e1va k svojim \u00fadajom<\/h2><p><strong class=\"privacy-policy-tutorial\">Navrhovan\u00fd text: <\/strong>Ak m\u00e1te na tejto str\u00e1nke \u00fa\u010det alebo ste zanechali koment\u00e1re, m\u00f4\u017eete po\u017eiada\u0165 o exportovan\u00fd s\u00fabor osobn\u00fdch \u00fadajov, ktor\u00e9 o v\u00e1s uchov\u00e1vame, vr\u00e1tane \u00fadajov, ktor\u00e9 ste n\u00e1m poskytli. Okrem toho m\u00f4\u017eete po\u017eiada\u0165 o vymazanie ak\u00fdchko\u013evek osobn\u00fdch \u00fadajov, ktor\u00e9 o v\u00e1s uchov\u00e1vame. Toto nezah\u0155\u0148a \u017eiadne \u00fadaje, ktor\u00e9 sme povinn\u00ed uchov\u00e1va\u0165 na administrat\u00edvne, pr\u00e1vne alebo bezpe\u010dnostn\u00e9 \u00fa\u010dely.<\/p><h2 class=\"wp-block-heading\">Kam sa odosielaj\u00fa va\u0161e \u00fadaje<\/h2><p><strong class=\"privacy-policy-tutorial\">Navrhovan\u00fd text: <\/strong>Koment\u00e1re n\u00e1v\u0161tevn\u00edkov m\u00f4\u017eu by\u0165 kontrolovan\u00e9 prostredn\u00edctvom automatizovanej slu\u017eby na detekciu spamu.<\/p>","protected":false},"excerpt":{"rendered":"<p>Wer wir sind Textvorschlag: Die Adresse unserer Website ist: http:\/\/veki-weiss.com. Kommentare Textvorschlag: Wenn Besucher Kommentare auf der Website schreiben, sammeln wir die Daten, die im Kommentar-Formular angezeigt werden, au\u00dferdem die IP-Adresse des Besuchers und den User-Agent-String (damit wird der Browser identifiziert), um die Erkennung von Spam zu unterst\u00fctzen. Aus deiner E-Mail-Adresse kann eine anonymisierte Zeichenfolge [&hellip;]<\/p>","protected":false},"author":1,"featured_media":0,"parent":0,"menu_order":0,"comment_status":"closed","ping_status":"open","template":"","meta":{"_uag_custom_page_level_css":"","wprm-recipe-roundup-name":"","wprm-recipe-roundup-description":"","_monsterinsights_skip_tracking":false,"_monsterinsights_sitenote_active":false,"_monsterinsights_sitenote_note":"","_monsterinsights_sitenote_category":0,"site-sidebar-layout":"default","site-content-layout":"","ast-site-content-layout":"default","site-content-style":"default","site-sidebar-style":"default","ast-global-header-display":"","ast-banner-title-visibility":"","ast-main-header-display":"","ast-hfb-above-header-display":"","ast-hfb-below-header-display":"","ast-hfb-mobile-header-display":"","site-post-title":"","ast-breadcrumbs-content":"","ast-featured-img":"","footer-sml-layout":"","theme-transparent-header-meta":"","adv-header-id-meta":"","stick-header-meta":"","header-above-stick-meta":"","header-main-stick-meta":"","header-below-stick-meta":"","astra-migrate-meta-layouts":"set","ast-page-background-enabled":"default","ast-page-background-meta":{"desktop":{"background-color":"","background-image":"","background-repeat":"repeat","background-position":"center center","background-size":"auto","background-attachment":"scroll","background-type":"","background-media":"","overlay-type":"","overlay-color":"","overlay-opacity":"","overlay-gradient":""},"tablet":{"background-color":"","background-image":"","background-repeat":"repeat","background-position":"center center","background-size":"auto","background-attachment":"scroll","background-type":"","background-media":"","overlay-type":"","overlay-color":"","overlay-opacity":"","overlay-gradient":""},"mobile":{"background-color":"","background-image":"","background-repeat":"repeat","background-position":"center center","background-size":"auto","background-attachment":"scroll","background-type":"","background-media":"","overlay-type":"","overlay-color":"","overlay-opacity":"","overlay-gradient":""}},"ast-content-background-meta":{"desktop":{"background-color":"var(--ast-global-color-5)","background-image":"","background-repeat":"repeat","background-position":"center center","background-size":"auto","background-attachment":"scroll","background-type":"","background-media":"","overlay-type":"","overlay-color":"","overlay-opacity":"","overlay-gradient":""},"tablet":{"background-color":"var(--ast-global-color-5)","background-image":"","background-repeat":"repeat","background-position":"center center","background-size":"auto","background-attachment":"scroll","background-type":"","background-media":"","overlay-type":"","overlay-color":"","overlay-opacity":"","overlay-gradient":""},"mobile":{"background-color":"var(--ast-global-color-5)","background-image":"","background-repeat":"repeat","background-position":"center center","background-size":"auto","background-attachment":"scroll","background-type":"","background-media":"","overlay-type":"","overlay-color":"","overlay-opacity":"","overlay-gradient":""}},"footnotes":""},"class_list":["post-3","page","type-page","status-publish","hentry"],"aioseo_notices":[],"uagb_featured_image_src":{"full":false,"thumbnail":false,"medium":false,"medium_large":false,"large":false,"1536x1536":false,"2048x2048":false,"trp-custom-language-flag":false,"wprm-metadata-1_1":false,"wprm-metadata-4_3":false,"wprm-metadata-16_9":false},"uagb_author_info":{"display_name":"veki-weiss.com","author_link":"https:\/\/veki-weiss.com\/sk\/author\/veki-weiss-com\/"},"uagb_comment_info":0,"uagb_excerpt":"Wer wir sind Textvorschlag: Die Adresse unserer Website ist: http:\/\/veki-weiss.com. Kommentare Textvorschlag: Wenn Besucher Kommentare auf der Website schreiben, sammeln wir die Daten, die im Kommentar-Formular angezeigt werden, au\u00dferdem die IP-Adresse des Besuchers und den User-Agent-String (damit wird der Browser identifiziert), um die Erkennung von Spam zu unterst\u00fctzen. Aus deiner E-Mail-Adresse kann eine anonymisierte Zeichenfolge&hellip;","_links":{"self":[{"href":"https:\/\/veki-weiss.com\/sk\/wp-json\/wp\/v2\/pages\/3"}],"collection":[{"href":"https:\/\/veki-weiss.com\/sk\/wp-json\/wp\/v2\/pages"}],"about":[{"href":"https:\/\/veki-weiss.com\/sk\/wp-json\/wp\/v2\/types\/page"}],"author":[{"embeddable":true,"href":"https:\/\/veki-weiss.com\/sk\/wp-json\/wp\/v2\/users\/1"}],"replies":[{"embeddable":true,"href":"https:\/\/veki-weiss.com\/sk\/wp-json\/wp\/v2\/comments?post=3"}],"version-history":[{"count":2,"href":"https:\/\/veki-weiss.com\/sk\/wp-json\/wp\/v2\/pages\/3\/revisions"}],"predecessor-version":[{"id":2668,"href":"https:\/\/veki-weiss.com\/sk\/wp-json\/wp\/v2\/pages\/3\/revisions\/2668"}],"wp:attachment":[{"href":"https:\/\/veki-weiss.com\/sk\/wp-json\/wp\/v2\/media?parent=3"}],"curies":[{"name":"wp","href":"https:\/\/api.w.org\/{rel}","templated":true}]}}